{"id":2,"date":"2025-02-05T14:59:24","date_gmt":"2025-02-05T14:59:24","guid":{"rendered":"http:\/\/www.trtrafik.org\/?page_id=2"},"modified":"2025-05-25T13:03:16","modified_gmt":"2025-05-25T13:03:16","slug":"sample-page","status":"publish","type":"page","link":"http:\/\/www.trtrafik.org\/index.php\/sample-page\/","title":{"rendered":"E\u011fitimlerimiz"},"content":{"rendered":"\n<p>T\u00fcrkiye Trafik Kazalar\u0131n\u0131 \u00d6nleme Derne\u011fi, uzman e\u011fitmenleri taraf\u0131ndan, t\u00fcm yol kullan\u0131c\u0131lar\u0131na \u00f6zel olarak haz\u0131rlanm\u0131\u015f e\u011fitim ve seminer programlar\u0131 haz\u0131rlamaktad\u0131r. Yol g\u00fcvenli\u011fi temel becerileri, geli\u015fmi\u015f g\u00fcvenlik protokolleri, acil durum prosed\u00fcrleri, yolcu g\u00fcvenli\u011fi e\u011fitimi, teknik e\u011fitimler (fren, takograf), trafik psikolojisi, s\u00fcr\u00fc\u015f teknikleri ve kapsaml\u0131 s\u00fcr\u00fc\u015f uygulamalar\u0131, \u00e7arp\u0131\u015fma sonras\u0131 s\u00fcre\u00e7ler ve yol haritas\u0131n\u0131 kapsamaktad\u0131r.<\/p>\n\n\n\n<p>Trafikte bilin\u00e7 ve sorumluluk i\u00e7in trafik e\u011fitimi bireylere ne kadar erken ya\u015flarda kazand\u0131r\u0131l\u0131rsa, sonu\u00e7 da o denli etkili olmaktad\u0131r. K\u00fc\u00e7\u00fck ya\u015flarda trafik konusunda e\u011fitim alan \u00e7ocuklar, g\u00fcn\u00fcm\u00fcz trafi\u011finde kendilerini koruduklar\u0131 gibi gelece\u011fin sorumluluk sahibi yeti\u015fkin yaya ve s\u00fcr\u00fcc\u00fcleri olarak toplumun \u00f6z\u00fcn\u00fc olu\u015fturacaklard\u0131r.<\/p>\n\n\n\n<p>Yol Trafik G\u00fcvenli\u011fi E\u011fitimleri<\/p>\n\n\n\n<p>S\u00fcr\u00fcc\u00fc Geli\u015fim E\u011fitimleri<\/p>\n\n\n\n<p>Yol Trafik G\u00fcvenli\u011fi E\u011fitimleri<\/p>\n\n\n\n<p>Teknik e\u011fitimler<\/p>\n\n\n\n<p><\/p>\n\n\n\n<blockquote class=\"wp-block-quote is-layout-flow wp-block-quote-is-layout-flow\">\n<p>Yol g\u00fcvenli\u011fi herkesin i\u015fidir. Kendinizi, ailenizi ve arkada\u015flar\u0131n\u0131z\u0131 yollarda g\u00fcvende tutmak i\u00e7in kurallara uyarak i\u015finizi yap\u0131n.<\/p>\n\n\n\n<p><\/p>\n<\/blockquote>\n","protected":false},"excerpt":{"rendered":"<p>T\u00fcrkiye Trafik Kazalar\u0131n\u0131 \u00d6nleme Derne\u011fi, uzman e\u011fitmenleri taraf\u0131ndan, t\u00fcm yol kullan\u0131c\u0131lar\u0131na \u00f6zel olarak haz\u0131rlanm\u0131\u015f e\u011fitim [&hellip;]<\/p>\n","protected":false},"author":1,"featured_media":73,"parent":0,"menu_order":0,"comment_status":"closed","ping_status":"open","template":"","meta":{"footnotes":""},"class_list":["post-2","page","type-page","status-publish","has-post-thumbnail","hentry"],"_links":{"self":[{"href":"http:\/\/www.trtrafik.org\/index.php\/wp-json\/wp\/v2\/pages\/2","targetHints":{"allow":["GET"]}}],"collection":[{"href":"http:\/\/www.trtrafik.org\/index.php\/wp-json\/wp\/v2\/pages"}],"about":[{"href":"http:\/\/www.trtrafik.org\/index.php\/wp-json\/wp\/v2\/types\/page"}],"author":[{"embeddable":true,"href":"http:\/\/www.trtrafik.org\/index.php\/wp-json\/wp\/v2\/users\/1"}],"replies":[{"embeddable":true,"href":"http:\/\/www.trtrafik.org\/index.php\/wp-json\/wp\/v2\/comments?post=2"}],"version-history":[{"count":3,"href":"http:\/\/www.trtrafik.org\/index.php\/wp-json\/wp\/v2\/pages\/2\/revisions"}],"predecessor-version":[{"id":74,"href":"http:\/\/www.trtrafik.org\/index.php\/wp-json\/wp\/v2\/pages\/2\/revisions\/74"}],"wp:featuredmedia":[{"embeddable":true,"href":"http:\/\/www.trtrafik.org\/index.php\/wp-json\/wp\/v2\/media\/73"}],"wp:attachment":[{"href":"http:\/\/www.trtrafik.org\/index.php\/wp-json\/wp\/v2\/media?parent=2"}],"curies":[{"name":"wp","href":"https:\/\/api.w.org\/{rel}","templated":true}]}}