{"id":22,"date":"2025-02-09T20:57:23","date_gmt":"2025-02-09T20:57:23","guid":{"rendered":"http:\/\/www.trtrafik.org\/?page_id=22"},"modified":"2025-05-24T20:43:54","modified_gmt":"2025-05-24T20:43:54","slug":"calisma-alanlari","status":"publish","type":"page","link":"http:\/\/www.trtrafik.org\/index.php\/calisma-alanlari\/","title":{"rendered":"\u00c7al\u0131\u015fma alanlar\u0131"},"content":{"rendered":"\n<p>1959 y\u0131l\u0131nda kurulan ve yar\u0131m y\u00fczy\u0131l\u0131 a\u015fan bir ge\u00e7mi\u015fi bulunan T\u00fcrkiye Trafik Kazalar\u0131n\u0131 \u00d6nleme Derne\u011fi (TTK\u00d6D), \u00fclkemizde trafik bilincinin olu\u015fturulmas\u0131, trafik \u00e7arp\u0131\u015fmalar\u0131n\u0131n, karayolu \u00f6l\u00fcm ve yaralanmalar\u0131n\u0131n \u00f6nlenmesi i\u00e7in toplumda fark\u0131ndal\u0131k yaratan \u00e7al\u0131\u015fmalar\u0131n\u0131 s\u00fcrd\u00fcrmektedir. Bu ama\u00e7la y\u0131llard\u0131r y\u00fcr\u00fct\u00fclen \u00e7al\u0131\u015fmalarla toplumun her kesimiyle, her kurulu\u015fuyla ili\u015fkiler kurulmakta, ortak \u00e7al\u0131\u015fmalar yap\u0131lmakta ve trafik alan\u0131nda i\u015fbirli\u011fi olanaklar\u0131 yaratmaktad\u0131r.<\/p>\n","protected":false},"excerpt":{"rendered":"<p>1959 y\u0131l\u0131nda kurulan ve yar\u0131m y\u00fczy\u0131l\u0131 a\u015fan bir ge\u00e7mi\u015fi bulunan T\u00fcrkiye Trafik Kazalar\u0131n\u0131 \u00d6nleme Derne\u011fi [&hellip;]<\/p>\n","protected":false},"author":1,"featured_media":0,"parent":0,"menu_order":0,"comment_status":"closed","ping_status":"closed","template":"","meta":{"footnotes":""},"class_list":["post-22","page","type-page","status-publish","hentry"],"_links":{"self":[{"href":"http:\/\/www.trtrafik.org\/index.php\/wp-json\/wp\/v2\/pages\/22","targetHints":{"allow":["GET"]}}],"collection":[{"href":"http:\/\/www.trtrafik.org\/index.php\/wp-json\/wp\/v2\/pages"}],"about":[{"href":"http:\/\/www.trtrafik.org\/index.php\/wp-json\/wp\/v2\/types\/page"}],"author":[{"embeddable":true,"href":"http:\/\/www.trtrafik.org\/index.php\/wp-json\/wp\/v2\/users\/1"}],"replies":[{"embeddable":true,"href":"http:\/\/www.trtrafik.org\/index.php\/wp-json\/wp\/v2\/comments?post=22"}],"version-history":[{"count":2,"href":"http:\/\/www.trtrafik.org\/index.php\/wp-json\/wp\/v2\/pages\/22\/revisions"}],"predecessor-version":[{"id":40,"href":"http:\/\/www.trtrafik.org\/index.php\/wp-json\/wp\/v2\/pages\/22\/revisions\/40"}],"wp:attachment":[{"href":"http:\/\/www.trtrafik.org\/index.php\/wp-json\/wp\/v2\/media?parent=22"}],"curies":[{"name":"wp","href":"https:\/\/api.w.org\/{rel}","templated":true}]}}